{"id":10,"date":"2014-03-12T21:18:18","date_gmt":"2014-03-12T20:18:18","guid":{"rendered":"http:\/\/vodouch.freecz.eu\/?page_id=10"},"modified":"2020-09-07T00:07:57","modified_gmt":"2020-09-06T22:07:57","slug":"kontakty","status":"publish","type":"page","link":"https:\/\/www.skostravalhotka.cz\/domains\/skostravalhotka.cz\/kontakty\/","title":{"rendered":"Kontakty"},"content":{"rendered":"<h1>SK Ostrava Lhotka, z.s.<\/h1>\n<p><strong>S\u00eddlo klubu:<\/strong>&nbsp; &nbsp; &nbsp; &nbsp; &nbsp; &nbsp; &nbsp; &nbsp; Pet\u0159kovick\u00e1 410\/25A, Lhotka, 725 28 Ostrava<\/p>\n<p><strong>I\u010c:<\/strong>&nbsp; &nbsp; &nbsp; &nbsp; &nbsp; &nbsp; &nbsp; &nbsp; &nbsp; &nbsp; &nbsp; &nbsp; &nbsp; &nbsp; &nbsp; &nbsp; &nbsp;228 91 820<br><strong>\u010c\u00edslo klubu FA\u010cR:<\/strong>&nbsp; &nbsp; &nbsp;8060591<br><strong>E-mail:<\/strong>&nbsp; &nbsp; &nbsp; &nbsp; &nbsp; &nbsp; &nbsp; &nbsp; &nbsp; &nbsp; &nbsp; &nbsp; &nbsp;sklhotka@email.cz<\/p>\n<p><strong>Objedn\u00e1v\u00e1n\u00ed sportovn\u00edch prostor\u016f (<em>hala, h\u0159i\u0161t\u011b s um\u011blou tr\u00e1vou, beach volejbal<\/em>) u spr\u00e1vce na \u010d\u00edsle: <em>725 370 774<\/em><\/strong><\/p>\n<h3>Mapa<\/h3>\n<p><a href=\"https:\/\/www.google.cz\/maps\/place\/V%C3%ADce%C3%BA%C4%8Delov%C3%A1+sportovn%C3%AD+hala+Lhotka\/@49.8548692,18.2273367,3a,75y,90t\/data=!3m8!1e2!3m6!1sAF1QipMbfajvOrzeXdTNCSq29ZQAQJ_3gMAW-n-wkTMX!2e10!3e12!6shttps:%2F%2Flh5.googleusercontent.com%2Fp%2FAF1QipMbfajvOrzeXdTNCSq29ZQAQJ_3gMAW-n-wkTMX%3Dw156-h117-k-no!7i4608!8i3456!4m13!1m7!3m6!1s0x4713e3b45a370631:0x5f967f327afaa124!2sPet%C5%99kovick%C3%A1+134%2F25,+725+28+Ostrava-Lhotka!3b1!8m2!3d49.8551724!4d18.2282593!3m4!1s0x4713e3b44c2ee7d7:0x9879d913a2ef73d5!8m2!3d49.8548692!4d18.2273367?hl=cs\"><img loading=\"lazy\" decoding=\"async\" class=\"alignleft wp-image-1813 size-full\" src=\"http:\/\/www.sklhotka.cz\/wp-content\/uploads\/Mapa_SK-Lhotka.png\" alt=\"\" width=\"1288\" height=\"478\"><\/a><\/p>\n<p><\/p>\n\n\n<p><strong>V\u00fdkonn\u00fd v\u00fdbor SK Ostrava Lhotka 2020-2025<\/strong><\/p>\n\n\n\n<figure class=\"wp-block-table is-style-stripes\"><table><tbody><tr><td><strong><em>Funkce<\/em><\/strong><\/td><td><strong><em>Jm\u00e9no<\/em><\/strong><\/td><td><em><strong>Kontakt<\/strong><\/em><\/td><\/tr><tr><td>P\u0159edseda<\/td><td>Ale\u0161 Gavenda<\/td><td>602 514 821<\/td><\/tr><tr><td>M\u00edstop\u0159edseda<\/td><td>Ji\u0159\u00ed Matu\u0161ka<\/td><td><\/td><\/tr><tr><td>Hospod\u00e1\u0159<\/td><td>Martin Zemek<\/td><td>732 800 266<\/td><\/tr><tr><td>Tajemn\u00edk<\/td><td>Michael Vi\u0161\u010dor<\/td><td>605 212 498<\/td><\/tr><tr><td>\u010clenov\u00e9 v\u00fdboru<\/td><td>Josef \u0160r\u00e1mek &nbsp; &nbsp;  &nbsp; &nbsp; &nbsp; &nbsp;  &nbsp; <\/td><td><\/td><\/tr><tr><td><\/td><td>Vendel\u00edn Gold<\/td><td><\/td><\/tr><tr><td><\/td><td>Kate\u0159ina Pejznochov\u00e1<\/td><td><\/td><\/tr><tr><td><\/td><td>Drahoslav Handl\u00ed\u0159<\/td><td><\/td><\/tr><tr><td><\/td><td>Norbert Klu\u010dka<\/td><td><\/td><\/tr><tr><td><\/td><td><\/td><td><\/td><\/tr><\/tbody><\/table><\/figure>\n","protected":false},"excerpt":{"rendered":"<p>SK Ostrava Lhotka, z.s. S\u00eddlo klubu:&nbsp; &nbsp; &nbsp; &nbsp; &nbsp; &nbsp; &nbsp; &nbsp; Pet\u0159kovick\u00e1 410\/25A, Lhotka, 725 28 Ostrava I\u010c:&nbsp; &nbsp; &nbsp; &nbsp; &nbsp; &nbsp; &nbsp; &nbsp; &nbsp; &nbsp; &nbsp; &nbsp; &nbsp; &nbsp; &nbsp; &nbsp; &nbsp;228 91 820\u010c\u00edslo klubu FA\u010cR:&nbsp; &#8230; <a class=\"more-link\" href=\"https:\/\/www.skostravalhotka.cz\/domains\/skostravalhotka.cz\/kontakty\/\">Read More &raquo;<\/a><\/p>\n","protected":false},"author":1,"featured_media":0,"parent":0,"menu_order":0,"comment_status":"closed","ping_status":"closed","template":"","meta":{"footnotes":""},"class_list":["post-10","page","type-page","status-publish","hentry"],"_links":{"self":[{"href":"https:\/\/www.skostravalhotka.cz\/domains\/skostravalhotka.cz\/wp-json\/wp\/v2\/pages\/10","targetHints":{"allow":["GET"]}}],"collection":[{"href":"https:\/\/www.skostravalhotka.cz\/domains\/skostravalhotka.cz\/wp-json\/wp\/v2\/pages"}],"about":[{"href":"https:\/\/www.skostravalhotka.cz\/domains\/skostravalhotka.cz\/wp-json\/wp\/v2\/types\/page"}],"author":[{"embeddable":true,"href":"https:\/\/www.skostravalhotka.cz\/domains\/skostravalhotka.cz\/wp-json\/wp\/v2\/users\/1"}],"replies":[{"embeddable":true,"href":"https:\/\/www.skostravalhotka.cz\/domains\/skostravalhotka.cz\/wp-json\/wp\/v2\/comments?post=10"}],"version-history":[{"count":15,"href":"https:\/\/www.skostravalhotka.cz\/domains\/skostravalhotka.cz\/wp-json\/wp\/v2\/pages\/10\/revisions"}],"predecessor-version":[{"id":2413,"href":"https:\/\/www.skostravalhotka.cz\/domains\/skostravalhotka.cz\/wp-json\/wp\/v2\/pages\/10\/revisions\/2413"}],"wp:attachment":[{"href":"https:\/\/www.skostravalhotka.cz\/domains\/skostravalhotka.cz\/wp-json\/wp\/v2\/media?parent=10"}],"curies":[{"name":"wp","href":"https:\/\/api.w.org\/{rel}","templated":true}]}}