{"id":1104,"date":"2016-09-15T08:04:00","date_gmt":"2016-09-15T07:04:00","guid":{"rendered":"http:\/\/www.sklhotka.cz\/?page_id=1104"},"modified":"2024-05-07T22:56:37","modified_gmt":"2024-05-07T20:56:37","slug":"skolicka-2","status":"publish","type":"page","link":"https:\/\/www.skostravalhotka.cz\/domains\/skostravalhotka.cz\/fotbal\/skolicka-2\/","title":{"rendered":"\u0160koli\u010dka"},"content":{"rendered":"<hr \/>\n<p><strong>Kategorie \u0161koli\u010dka v sez\u00f3n\u011b 2023\/2024<\/strong> zahrnuje chlapce a d\u00edvky narozen\u00e9 p\u0159ev\u00e1\u017en\u011b v letech 2017 a 2018 (ale i star\u0161\u00ed &#8211; dle v\u00fdkonosti).<\/p>\n<p>Prioritn\u011b se u d\u011bt\u00ed t\u00e9to kategorie zam\u011b\u0159ujeme na z\u00e1kladn\u00ed koordina\u010dn\u00ed schopnosti,obratnost a prvky jednoduch\u00e9 atletick\u00e9 abecedy. P\u0159ibli\u017eujeme a u\u010d\u00edme d\u011bti individu\u00e1ln\u00ed techniku a pr\u00e1ci s m\u00ed\u010dem. Hravou formou chceme postupn\u011b doc\u00edlit jejich nad\u0161en\u00ed a zaujet\u00ed pro hru zvanou \u201efotbal\u201c. Z\u00e1rove\u0148 nau\u010dit je discipl\u00edn\u011b, povinnostem a schopnostem p\u0159ipravovat se ve sportovn\u00edm kolektivu.<\/p>\n<p><strong>Tren\u00e9\u0159i:<\/strong><\/p>\n<p>Martin Klu\u010dka \u2013 tel.: 604 104 632<\/p>\n<p><strong>Tr\u00e9ninky (od 1. 11. 2019 do 31. 3. 2020):<\/strong><\/p>\n<p>st\u0159eda\u00a0\u00a0\u00a0\u00a0\u00a0 17:00 \u2013 18:00 hod.\u00a0 \u00a0 \u00a0 sportovn\u00ed hala<\/p>\n<p>p\u00e1tek\u00a0\u00a0\u00a0\u00a0\u00a0\u00a0 16:00 \u2013 17:00 hod.\u00a0 \u00a0 \u00a0 sportovn\u00ed hala<\/p>\n<p>Sraz v\u017edy 10 min p\u0159ed za\u010d\u00e1tkem tr\u00e9ninku.<\/p>\n","protected":false},"excerpt":{"rendered":"<p>Kategorie \u0161koli\u010dka v sez\u00f3n\u011b 2023\/2024 zahrnuje chlapce a d\u00edvky narozen\u00e9 p\u0159ev\u00e1\u017en\u011b v letech 2017 a 2018 (ale i star\u0161\u00ed &#8211; dle v\u00fdkonosti). Prioritn\u011b se u d\u011bt\u00ed t\u00e9to kategorie zam\u011b\u0159ujeme na z\u00e1kladn\u00ed koordina\u010dn\u00ed schopnosti,obratnost a prvky jednoduch\u00e9 atletick\u00e9 abecedy. P\u0159ibli\u017eujeme a &#8230; <a class=\"more-link\" href=\"https:\/\/www.skostravalhotka.cz\/domains\/skostravalhotka.cz\/fotbal\/skolicka-2\/\">Read More &raquo;<\/a><\/p>\n","protected":false},"author":1,"featured_media":0,"parent":136,"menu_order":0,"comment_status":"closed","ping_status":"closed","template":"","meta":{"footnotes":""},"class_list":["post-1104","page","type-page","status-publish","hentry"],"_links":{"self":[{"href":"https:\/\/www.skostravalhotka.cz\/domains\/skostravalhotka.cz\/wp-json\/wp\/v2\/pages\/1104","targetHints":{"allow":["GET"]}}],"collection":[{"href":"https:\/\/www.skostravalhotka.cz\/domains\/skostravalhotka.cz\/wp-json\/wp\/v2\/pages"}],"about":[{"href":"https:\/\/www.skostravalhotka.cz\/domains\/skostravalhotka.cz\/wp-json\/wp\/v2\/types\/page"}],"author":[{"embeddable":true,"href":"https:\/\/www.skostravalhotka.cz\/domains\/skostravalhotka.cz\/wp-json\/wp\/v2\/users\/1"}],"replies":[{"embeddable":true,"href":"https:\/\/www.skostravalhotka.cz\/domains\/skostravalhotka.cz\/wp-json\/wp\/v2\/comments?post=1104"}],"version-history":[{"count":1,"href":"https:\/\/www.skostravalhotka.cz\/domains\/skostravalhotka.cz\/wp-json\/wp\/v2\/pages\/1104\/revisions"}],"predecessor-version":[{"id":2737,"href":"https:\/\/www.skostravalhotka.cz\/domains\/skostravalhotka.cz\/wp-json\/wp\/v2\/pages\/1104\/revisions\/2737"}],"up":[{"embeddable":true,"href":"https:\/\/www.skostravalhotka.cz\/domains\/skostravalhotka.cz\/wp-json\/wp\/v2\/pages\/136"}],"wp:attachment":[{"href":"https:\/\/www.skostravalhotka.cz\/domains\/skostravalhotka.cz\/wp-json\/wp\/v2\/media?parent=1104"}],"curies":[{"name":"wp","href":"https:\/\/api.w.org\/{rel}","templated":true}]}}