{"id":136,"date":"2014-05-25T01:49:04","date_gmt":"2014-05-25T00:49:04","guid":{"rendered":"http:\/\/www.sklhotka.cz\/?page_id=136"},"modified":"2020-09-13T21:28:31","modified_gmt":"2020-09-13T19:28:31","slug":"fotbal","status":"publish","type":"page","link":"https:\/\/www.skostravalhotka.cz\/domains\/skostravalhotka.cz\/fotbal\/","title":{"rendered":"Fotbal"},"content":{"rendered":"<h1>Fotbalov\u00fd odd\u00edl SK Ostrava Lhotka<\/h1>\n<p style=\"text-align: justify;\">Fotbalov\u00fd odd\u00edl SK Ostrava Lhotka v sez\u00f3n\u011b 2017\/2018 reprezentuj\u00ed v sout\u011b\u017e\u00edch po\u0159\u00e1dan\u00fdch pod hlavi\u010dkou M\u011bFS Ostrava kategorie mlad\u0161\u00ed p\u0159\u00edpravky, dorostenc\u016f a mu\u017e\u016f. V\u00edce v jednotliv\u00fdch sekc\u00edch.<\/p>\n<p><img loading=\"lazy\" decoding=\"async\" class=\"alignnone  wp-image-2569\" src=\"https:\/\/www.skostravalhotka.cz\/domains\/skostravalhotka.cz\/wp-content\/uploads\/2020\/09\/Skupinovka-2013-300x199.jpg\" alt=\"\" width=\"681\" height=\"452\" srcset=\"https:\/\/www.skostravalhotka.cz\/domains\/skostravalhotka.cz\/wp-content\/uploads\/2020\/09\/Skupinovka-2013-300x199.jpg 300w, https:\/\/www.skostravalhotka.cz\/domains\/skostravalhotka.cz\/wp-content\/uploads\/2020\/09\/Skupinovka-2013-768x510.jpg 768w, https:\/\/www.skostravalhotka.cz\/domains\/skostravalhotka.cz\/wp-content\/uploads\/2020\/09\/Skupinovka-2013-120x80.jpg 120w, https:\/\/www.skostravalhotka.cz\/domains\/skostravalhotka.cz\/wp-content\/uploads\/2020\/09\/Skupinovka-2013.jpg 960w\" sizes=\"auto, (max-width: 681px) 100vw, 681px\" \/><\/p>\n<p style=\"text-align: justify;\">\n","protected":false},"excerpt":{"rendered":"<p>Fotbalov\u00fd odd\u00edl SK Ostrava Lhotka Fotbalov\u00fd odd\u00edl SK Ostrava Lhotka v sez\u00f3n\u011b 2017\/2018 reprezentuj\u00ed v sout\u011b\u017e\u00edch po\u0159\u00e1dan\u00fdch pod hlavi\u010dkou M\u011bFS Ostrava kategorie mlad\u0161\u00ed p\u0159\u00edpravky, dorostenc\u016f a mu\u017e\u016f. V\u00edce v jednotliv\u00fdch sekc\u00edch.<\/p>\n","protected":false},"author":1,"featured_media":93,"parent":0,"menu_order":0,"comment_status":"closed","ping_status":"closed","template":"","meta":{"footnotes":""},"class_list":["post-136","page","type-page","status-publish","has-post-thumbnail","hentry"],"_links":{"self":[{"href":"https:\/\/www.skostravalhotka.cz\/domains\/skostravalhotka.cz\/wp-json\/wp\/v2\/pages\/136","targetHints":{"allow":["GET"]}}],"collection":[{"href":"https:\/\/www.skostravalhotka.cz\/domains\/skostravalhotka.cz\/wp-json\/wp\/v2\/pages"}],"about":[{"href":"https:\/\/www.skostravalhotka.cz\/domains\/skostravalhotka.cz\/wp-json\/wp\/v2\/types\/page"}],"author":[{"embeddable":true,"href":"https:\/\/www.skostravalhotka.cz\/domains\/skostravalhotka.cz\/wp-json\/wp\/v2\/users\/1"}],"replies":[{"embeddable":true,"href":"https:\/\/www.skostravalhotka.cz\/domains\/skostravalhotka.cz\/wp-json\/wp\/v2\/comments?post=136"}],"version-history":[{"count":3,"href":"https:\/\/www.skostravalhotka.cz\/domains\/skostravalhotka.cz\/wp-json\/wp\/v2\/pages\/136\/revisions"}],"predecessor-version":[{"id":2570,"href":"https:\/\/www.skostravalhotka.cz\/domains\/skostravalhotka.cz\/wp-json\/wp\/v2\/pages\/136\/revisions\/2570"}],"wp:featuredmedia":[{"embeddable":true,"href":"https:\/\/www.skostravalhotka.cz\/domains\/skostravalhotka.cz\/wp-json\/wp\/v2\/media\/93"}],"wp:attachment":[{"href":"https:\/\/www.skostravalhotka.cz\/domains\/skostravalhotka.cz\/wp-json\/wp\/v2\/media?parent=136"}],"curies":[{"name":"wp","href":"https:\/\/api.w.org\/{rel}","templated":true}]}}