{"id":138,"date":"2014-05-25T01:49:33","date_gmt":"2014-05-25T00:49:33","guid":{"rendered":"http:\/\/www.sklhotka.cz\/?page_id=138"},"modified":"2020-09-07T00:22:15","modified_gmt":"2020-09-06T22:22:15","slug":"badminton","status":"publish","type":"page","link":"https:\/\/www.skostravalhotka.cz\/domains\/skostravalhotka.cz\/badminton\/","title":{"rendered":"Badminton"},"content":{"rendered":"<h1>Badmintonov\u00fd odd\u00edl SK Lhotka<\/h1>\n<p style=\"text-align: justify;\">Badmintonov\u00fd odd\u00edl SK Ostrava Lhotka je \u010dist\u011b amat\u00e9rsk\u00e9 seskupen\u00ed nad\u0161enc\u016f, kter\u00e9 si chod\u00ed zatr\u00e9novat 2x t\u00fddn\u011b a n\u011bkolikr\u00e1t za rok po\u0159\u00e1d\u00e1 turnaje ve dvouhr\u00e1ch a \u010dty\u0159hr\u00e1ch.<\/p>\n<p><a href=\"http:\/\/www.sklhotka.cz\/wp-content\/uploads\/SavedImage_20160402_161613_02.jpg\"><img loading=\"lazy\" decoding=\"async\" class=\"alignnone wp-image-993 size-large\" src=\"http:\/\/www.sklhotka.cz\/wp-content\/uploads\/SavedImage_20160402_161613_02-1024x576.jpg\" alt=\"SavedImage_20160402_161613_02\" width=\"900\" height=\"506\"><\/a><\/p>\n<p style=\"text-align: justify;\"><em><strong>Sta\u0148te se \u010dleny badmintonov\u00e9ho odd\u00edlu SK Ostrava Lhotka a p\u0159ij\u010fte si s n\u00e1mi zatr\u00e9novat do sportovn\u00ed haly Lhotka!!!<\/strong><\/em><\/p>\n<p>&nbsp;<\/p>\n","protected":false},"excerpt":{"rendered":"<p>Badmintonov\u00fd odd\u00edl SK Lhotka Badmintonov\u00fd odd\u00edl SK Ostrava Lhotka je \u010dist\u011b amat\u00e9rsk\u00e9 seskupen\u00ed nad\u0161enc\u016f, kter\u00e9 si chod\u00ed zatr\u00e9novat 2x t\u00fddn\u011b a n\u011bkolikr\u00e1t za rok po\u0159\u00e1d\u00e1 turnaje ve dvouhr\u00e1ch a \u010dty\u0159hr\u00e1ch. Sta\u0148te se \u010dleny badmintonov\u00e9ho odd\u00edlu SK Ostrava Lhotka a p\u0159ij\u010fte &#8230; <a class=\"more-link\" href=\"https:\/\/www.skostravalhotka.cz\/domains\/skostravalhotka.cz\/badminton\/\">Read More &raquo;<\/a><\/p>\n","protected":false},"author":1,"featured_media":106,"parent":0,"menu_order":0,"comment_status":"open","ping_status":"closed","template":"","meta":{"footnotes":""},"class_list":["post-138","page","type-page","status-publish","has-post-thumbnail","hentry"],"_links":{"self":[{"href":"https:\/\/www.skostravalhotka.cz\/domains\/skostravalhotka.cz\/wp-json\/wp\/v2\/pages\/138","targetHints":{"allow":["GET"]}}],"collection":[{"href":"https:\/\/www.skostravalhotka.cz\/domains\/skostravalhotka.cz\/wp-json\/wp\/v2\/pages"}],"about":[{"href":"https:\/\/www.skostravalhotka.cz\/domains\/skostravalhotka.cz\/wp-json\/wp\/v2\/types\/page"}],"author":[{"embeddable":true,"href":"https:\/\/www.skostravalhotka.cz\/domains\/skostravalhotka.cz\/wp-json\/wp\/v2\/users\/1"}],"replies":[{"embeddable":true,"href":"https:\/\/www.skostravalhotka.cz\/domains\/skostravalhotka.cz\/wp-json\/wp\/v2\/comments?post=138"}],"version-history":[{"count":1,"href":"https:\/\/www.skostravalhotka.cz\/domains\/skostravalhotka.cz\/wp-json\/wp\/v2\/pages\/138\/revisions"}],"predecessor-version":[{"id":2416,"href":"https:\/\/www.skostravalhotka.cz\/domains\/skostravalhotka.cz\/wp-json\/wp\/v2\/pages\/138\/revisions\/2416"}],"wp:featuredmedia":[{"embeddable":true,"href":"https:\/\/www.skostravalhotka.cz\/domains\/skostravalhotka.cz\/wp-json\/wp\/v2\/media\/106"}],"wp:attachment":[{"href":"https:\/\/www.skostravalhotka.cz\/domains\/skostravalhotka.cz\/wp-json\/wp\/v2\/media?parent=138"}],"curies":[{"name":"wp","href":"https:\/\/api.w.org\/{rel}","templated":true}]}}