{"id":146,"date":"2014-05-25T02:34:20","date_gmt":"2014-05-25T00:34:20","guid":{"rendered":"http:\/\/www.sklhotka.cz\/?page_id=146"},"modified":"2020-09-06T23:34:04","modified_gmt":"2020-09-06T21:34:04","slug":"turnaje-badminton","status":"publish","type":"page","link":"https:\/\/www.skostravalhotka.cz\/domains\/skostravalhotka.cz\/badminton\/turnaje-badminton\/","title":{"rendered":"Turnaje Badminton"},"content":{"rendered":"<p>Zde naleznete informace k nejbl\u00ed\u017ee konan\u00fdm turnaj\u016fm.<\/p>\n<p><a href=\"http:\/\/www.sklhotka.cz\/wp-content\/uploads\/20160402_145121.jpg\"><img loading=\"lazy\" decoding=\"async\" class=\"alignnone wp-image-999 size-large\" src=\"http:\/\/www.sklhotka.cz\/wp-content\/uploads\/20160402_145121-1024x576.jpg\" alt=\"20160402_145121\" width=\"900\" height=\"506\" \/><\/a><\/p>\n<h2><strong>Turnaj &#8222;O Poh\u00e1r Starosty 2016&#8220;<\/strong><\/h2>\n<p><a href=\"http:\/\/www.sklhotka.cz\/wp-content\/uploads\/Turnaj-Badminton-starosta-2016.pdf\">turnaj-badminton-starosta-2016<\/a><\/p>\n<p>&nbsp;<\/p>\n","protected":false},"excerpt":{"rendered":"<p>Zde naleznete informace k nejbl\u00ed\u017ee konan\u00fdm turnaj\u016fm. Turnaj &#8222;O Poh\u00e1r Starosty 2016&#8220; turnaj-badminton-starosta-2016 &nbsp;<\/p>\n","protected":false},"author":1,"featured_media":0,"parent":138,"menu_order":0,"comment_status":"open","ping_status":"closed","template":"","meta":{"footnotes":""},"class_list":["post-146","page","type-page","status-publish","hentry"],"_links":{"self":[{"href":"https:\/\/www.skostravalhotka.cz\/domains\/skostravalhotka.cz\/wp-json\/wp\/v2\/pages\/146","targetHints":{"allow":["GET"]}}],"collection":[{"href":"https:\/\/www.skostravalhotka.cz\/domains\/skostravalhotka.cz\/wp-json\/wp\/v2\/pages"}],"about":[{"href":"https:\/\/www.skostravalhotka.cz\/domains\/skostravalhotka.cz\/wp-json\/wp\/v2\/types\/page"}],"author":[{"embeddable":true,"href":"https:\/\/www.skostravalhotka.cz\/domains\/skostravalhotka.cz\/wp-json\/wp\/v2\/users\/1"}],"replies":[{"embeddable":true,"href":"https:\/\/www.skostravalhotka.cz\/domains\/skostravalhotka.cz\/wp-json\/wp\/v2\/comments?post=146"}],"version-history":[{"count":1,"href":"https:\/\/www.skostravalhotka.cz\/domains\/skostravalhotka.cz\/wp-json\/wp\/v2\/pages\/146\/revisions"}],"predecessor-version":[{"id":2397,"href":"https:\/\/www.skostravalhotka.cz\/domains\/skostravalhotka.cz\/wp-json\/wp\/v2\/pages\/146\/revisions\/2397"}],"up":[{"embeddable":true,"href":"https:\/\/www.skostravalhotka.cz\/domains\/skostravalhotka.cz\/wp-json\/wp\/v2\/pages\/138"}],"wp:attachment":[{"href":"https:\/\/www.skostravalhotka.cz\/domains\/skostravalhotka.cz\/wp-json\/wp\/v2\/media?parent=146"}],"curies":[{"name":"wp","href":"https:\/\/api.w.org\/{rel}","templated":true}]}}