{"id":2535,"date":"2020-09-12T16:23:43","date_gmt":"2020-09-12T14:23:43","guid":{"rendered":"http:\/\/www.skostravalhotka.cz\/domains\/skostravalhotka.cz\/?page_id=2535"},"modified":"2021-08-29T18:37:29","modified_gmt":"2021-08-29T16:37:29","slug":"partneri","status":"publish","type":"page","link":"https:\/\/www.skostravalhotka.cz\/domains\/skostravalhotka.cz\/partneri\/","title":{"rendered":"Partne\u0159i"},"content":{"rendered":"\n<h2 class=\"wp-block-heading\">D\u011bkujeme na\u0161im partner\u016fm za podporu<\/h2>\n\n\n\n<figure class=\"wp-block-image size-large is-resized\"><img loading=\"lazy\" decoding=\"async\" src=\"https:\/\/www.skostravalhotka.cz\/domains\/skostravalhotka.cz\/wp-content\/uploads\/2021\/08\/Dopstav-Baner-web-1024x513.jpg\" alt=\"\" class=\"wp-image-2652\" width=\"670\" height=\"335\" srcset=\"https:\/\/www.skostravalhotka.cz\/domains\/skostravalhotka.cz\/wp-content\/uploads\/2021\/08\/Dopstav-Baner-web-1024x513.jpg 1024w, https:\/\/www.skostravalhotka.cz\/domains\/skostravalhotka.cz\/wp-content\/uploads\/2021\/08\/Dopstav-Baner-web-300x150.jpg 300w, https:\/\/www.skostravalhotka.cz\/domains\/skostravalhotka.cz\/wp-content\/uploads\/2021\/08\/Dopstav-Baner-web-768x385.jpg 768w, https:\/\/www.skostravalhotka.cz\/domains\/skostravalhotka.cz\/wp-content\/uploads\/2021\/08\/Dopstav-Baner-web-1536x770.jpg 1536w, https:\/\/www.skostravalhotka.cz\/domains\/skostravalhotka.cz\/wp-content\/uploads\/2021\/08\/Dopstav-Baner-web-1080x541.jpg 1080w, https:\/\/www.skostravalhotka.cz\/domains\/skostravalhotka.cz\/wp-content\/uploads\/2021\/08\/Dopstav-Baner-web.jpg 1984w\" sizes=\"auto, (max-width: 670px) 100vw, 670px\" \/><figcaption><a href=\"http:\/\/www.dopstav.com\/\" target=\"_blank\" rel=\"noreferrer noopener\">http:\/\/www.dopstav.com\/<\/a><\/figcaption><\/figure>\n\n\n\n<figure class=\"wp-block-image size-large is-resized\"><img loading=\"lazy\" decoding=\"async\" src=\"https:\/\/www.skostravalhotka.cz\/domains\/skostravalhotka.cz\/wp-content\/uploads\/2021\/08\/Finess-4-You-1024x521.jpg\" alt=\"\" class=\"wp-image-2651\" width=\"668\" height=\"338\"\/><figcaption><a href=\"https:\/\/4youfitness.cz\/\">https:\/\/4youfitness.cz\/<\/a><\/figcaption><\/figure>\n\n\n\n<figure class=\"wp-block-image size-large\"><img loading=\"lazy\" decoding=\"async\" width=\"1024\" height=\"512\" src=\"https:\/\/www.skostravalhotka.cz\/domains\/skostravalhotka.cz\/wp-content\/uploads\/2021\/08\/Nictoba-web-1024x512.jpg\" alt=\"\" class=\"wp-image-2653\" srcset=\"https:\/\/www.skostravalhotka.cz\/domains\/skostravalhotka.cz\/wp-content\/uploads\/2021\/08\/Nictoba-web-1024x512.jpg 1024w, https:\/\/www.skostravalhotka.cz\/domains\/skostravalhotka.cz\/wp-content\/uploads\/2021\/08\/Nictoba-web-300x150.jpg 300w, https:\/\/www.skostravalhotka.cz\/domains\/skostravalhotka.cz\/wp-content\/uploads\/2021\/08\/Nictoba-web-768x384.jpg 768w, https:\/\/www.skostravalhotka.cz\/domains\/skostravalhotka.cz\/wp-content\/uploads\/2021\/08\/Nictoba-web-1536x768.jpg 1536w, https:\/\/www.skostravalhotka.cz\/domains\/skostravalhotka.cz\/wp-content\/uploads\/2021\/08\/Nictoba-web-2048x1024.jpg 2048w, https:\/\/www.skostravalhotka.cz\/domains\/skostravalhotka.cz\/wp-content\/uploads\/2021\/08\/Nictoba-web-1080x540.jpg 1080w\" sizes=\"auto, (max-width: 1024px) 100vw, 1024px\" \/><figcaption>Nictoba stavitelstv\u00ed s.r.o.<\/figcaption><\/figure>\n\n\n\n<figure class=\"wp-block-image size-large\"><img loading=\"lazy\" decoding=\"async\" width=\"1024\" height=\"591\" src=\"https:\/\/www.skostravalhotka.cz\/domains\/skostravalhotka.cz\/wp-content\/uploads\/2021\/08\/Hajek-zahradnictvi-web-1024x591.jpg\" alt=\"\" class=\"wp-image-2656\" srcset=\"https:\/\/www.skostravalhotka.cz\/domains\/skostravalhotka.cz\/wp-content\/uploads\/2021\/08\/Hajek-zahradnictvi-web-1024x591.jpg 1024w, https:\/\/www.skostravalhotka.cz\/domains\/skostravalhotka.cz\/wp-content\/uploads\/2021\/08\/Hajek-zahradnictvi-web-300x173.jpg 300w, https:\/\/www.skostravalhotka.cz\/domains\/skostravalhotka.cz\/wp-content\/uploads\/2021\/08\/Hajek-zahradnictvi-web-768x443.jpg 768w, https:\/\/www.skostravalhotka.cz\/domains\/skostravalhotka.cz\/wp-content\/uploads\/2021\/08\/Hajek-zahradnictvi-web-1536x887.jpg 1536w, https:\/\/www.skostravalhotka.cz\/domains\/skostravalhotka.cz\/wp-content\/uploads\/2021\/08\/Hajek-zahradnictvi-web-2048x1183.jpg 2048w, https:\/\/www.skostravalhotka.cz\/domains\/skostravalhotka.cz\/wp-content\/uploads\/2021\/08\/Hajek-zahradnictvi-web-1080x624.jpg 1080w\" sizes=\"auto, (max-width: 1024px) 100vw, 1024px\" \/><figcaption><a href=\"https:\/\/www.zahradnictvi-hajek.cz\/\" target=\"_blank\" rel=\"noreferrer noopener\">https:\/\/www.zahradnictvi-hajek.cz\/<\/a><\/figcaption><\/figure>\n\n\n\n<figure class=\"wp-block-image size-large\"><img loading=\"lazy\" decoding=\"async\" width=\"1024\" height=\"446\" src=\"https:\/\/www.skostravalhotka.cz\/domains\/skostravalhotka.cz\/wp-content\/uploads\/2021\/08\/Reperotech-web-1024x446.jpg\" alt=\"\" class=\"wp-image-2657\" srcset=\"https:\/\/www.skostravalhotka.cz\/domains\/skostravalhotka.cz\/wp-content\/uploads\/2021\/08\/Reperotech-web-1024x446.jpg 1024w, https:\/\/www.skostravalhotka.cz\/domains\/skostravalhotka.cz\/wp-content\/uploads\/2021\/08\/Reperotech-web-300x131.jpg 300w, https:\/\/www.skostravalhotka.cz\/domains\/skostravalhotka.cz\/wp-content\/uploads\/2021\/08\/Reperotech-web-768x334.jpg 768w, https:\/\/www.skostravalhotka.cz\/domains\/skostravalhotka.cz\/wp-content\/uploads\/2021\/08\/Reperotech-web-1536x668.jpg 1536w, https:\/\/www.skostravalhotka.cz\/domains\/skostravalhotka.cz\/wp-content\/uploads\/2021\/08\/Reperotech-web-2048x891.jpg 2048w, https:\/\/www.skostravalhotka.cz\/domains\/skostravalhotka.cz\/wp-content\/uploads\/2021\/08\/Reperotech-web-1080x470.jpg 1080w\" sizes=\"auto, (max-width: 1024px) 100vw, 1024px\" \/><figcaption><a href=\"http:\/\/www.repero.cz\/\" target=\"_blank\" rel=\"noreferrer noopener\">http:\/\/www.repero.cz\/<\/a><\/figcaption><\/figure>\n\n\n\n<figure class=\"wp-block-image size-large\"><img loading=\"lazy\" decoding=\"async\" width=\"1024\" height=\"512\" src=\"https:\/\/www.skostravalhotka.cz\/domains\/skostravalhotka.cz\/wp-content\/uploads\/2021\/08\/Remax-1024x512.jpg\" alt=\"\" class=\"wp-image-2659\" srcset=\"https:\/\/www.skostravalhotka.cz\/domains\/skostravalhotka.cz\/wp-content\/uploads\/2021\/08\/Remax-1024x512.jpg 1024w, https:\/\/www.skostravalhotka.cz\/domains\/skostravalhotka.cz\/wp-content\/uploads\/2021\/08\/Remax-300x150.jpg 300w, https:\/\/www.skostravalhotka.cz\/domains\/skostravalhotka.cz\/wp-content\/uploads\/2021\/08\/Remax-768x384.jpg 768w, https:\/\/www.skostravalhotka.cz\/domains\/skostravalhotka.cz\/wp-content\/uploads\/2021\/08\/Remax-1536x768.jpg 1536w, https:\/\/www.skostravalhotka.cz\/domains\/skostravalhotka.cz\/wp-content\/uploads\/2021\/08\/Remax-2048x1024.jpg 2048w, https:\/\/www.skostravalhotka.cz\/domains\/skostravalhotka.cz\/wp-content\/uploads\/2021\/08\/Remax-1080x540.jpg 1080w\" sizes=\"auto, (max-width: 1024px) 100vw, 1024px\" \/><figcaption><a href=\"https:\/\/romangryc.cz\/\" target=\"_blank\" rel=\"noreferrer noopener\">https:\/\/romangryc.cz\/<\/a><\/figcaption><\/figure>\n\n\n\n<figure class=\"wp-block-image size-large\"><img loading=\"lazy\" decoding=\"async\" width=\"1024\" height=\"512\" src=\"https:\/\/www.skostravalhotka.cz\/domains\/skostravalhotka.cz\/wp-content\/uploads\/2021\/08\/Waldservis-1024x512.jpg\" alt=\"\" class=\"wp-image-2660\" srcset=\"https:\/\/www.skostravalhotka.cz\/domains\/skostravalhotka.cz\/wp-content\/uploads\/2021\/08\/Waldservis-1024x512.jpg 1024w, https:\/\/www.skostravalhotka.cz\/domains\/skostravalhotka.cz\/wp-content\/uploads\/2021\/08\/Waldservis-300x150.jpg 300w, https:\/\/www.skostravalhotka.cz\/domains\/skostravalhotka.cz\/wp-content\/uploads\/2021\/08\/Waldservis-768x384.jpg 768w, https:\/\/www.skostravalhotka.cz\/domains\/skostravalhotka.cz\/wp-content\/uploads\/2021\/08\/Waldservis-1536x768.jpg 1536w, https:\/\/www.skostravalhotka.cz\/domains\/skostravalhotka.cz\/wp-content\/uploads\/2021\/08\/Waldservis-2048x1024.jpg 2048w, https:\/\/www.skostravalhotka.cz\/domains\/skostravalhotka.cz\/wp-content\/uploads\/2021\/08\/Waldservis-1080x540.jpg 1080w\" sizes=\"auto, (max-width: 1024px) 100vw, 1024px\" \/><figcaption>Wald-service s.r.o.<\/figcaption><\/figure>\n","protected":false},"excerpt":{"rendered":"<p>D\u011bkujeme na\u0161im partner\u016fm za podporu<\/p>\n","protected":false},"author":1,"featured_media":0,"parent":0,"menu_order":0,"comment_status":"closed","ping_status":"closed","template":"","meta":{"footnotes":""},"class_list":["post-2535","page","type-page","status-publish","hentry"],"_links":{"self":[{"href":"https:\/\/www.skostravalhotka.cz\/domains\/skostravalhotka.cz\/wp-json\/wp\/v2\/pages\/2535","targetHints":{"allow":["GET"]}}],"collection":[{"href":"https:\/\/www.skostravalhotka.cz\/domains\/skostravalhotka.cz\/wp-json\/wp\/v2\/pages"}],"about":[{"href":"https:\/\/www.skostravalhotka.cz\/domains\/skostravalhotka.cz\/wp-json\/wp\/v2\/types\/page"}],"author":[{"embeddable":true,"href":"https:\/\/www.skostravalhotka.cz\/domains\/skostravalhotka.cz\/wp-json\/wp\/v2\/users\/1"}],"replies":[{"embeddable":true,"href":"https:\/\/www.skostravalhotka.cz\/domains\/skostravalhotka.cz\/wp-json\/wp\/v2\/comments?post=2535"}],"version-history":[{"count":7,"href":"https:\/\/www.skostravalhotka.cz\/domains\/skostravalhotka.cz\/wp-json\/wp\/v2\/pages\/2535\/revisions"}],"predecessor-version":[{"id":2661,"href":"https:\/\/www.skostravalhotka.cz\/domains\/skostravalhotka.cz\/wp-json\/wp\/v2\/pages\/2535\/revisions\/2661"}],"wp:attachment":[{"href":"https:\/\/www.skostravalhotka.cz\/domains\/skostravalhotka.cz\/wp-json\/wp\/v2\/media?parent=2535"}],"curies":[{"name":"wp","href":"https:\/\/api.w.org\/{rel}","templated":true}]}}