{"id":255,"date":"2014-03-10T18:42:36","date_gmt":"2014-03-10T17:42:36","guid":{"rendered":"http:\/\/vodouch.freecz.eu\/?page_id=2"},"modified":"2020-09-06T23:27:52","modified_gmt":"2020-09-06T21:27:52","slug":"zkusebni-stranka-2","status":"publish","type":"page","link":"https:\/\/www.skostravalhotka.cz\/domains\/skostravalhotka.cz\/zkusebni-stranka-2\/","title":{"rendered":"O SK Ostrava Lhotka"},"content":{"rendered":"<h1>Z historie SK Ostrava Lhotka<\/h1>\n<p style=\"text-align: justify;\">Sportovn\u00ed klub SK Ostrava Lhotka se nach\u00e1z\u00ed ve stejnojmenn\u00e9m m\u011bstsk\u00e9m obvodu statut\u00e1rn\u00edho m\u011bsta Ostravy, kter\u00fd je situov\u00e1n na lev\u00e9m b\u0159ehu \u0159eky Odry mezi obcemi Pet\u0159kovice a Ho\u0161\u0165\u00e1lkovice.<\/p>\n<p style=\"text-align: justify;\"><a href=\"http:\/\/www.sklhotka.cz\/wp-content\/uploads\/sportovni-hala-lhotka-ostrava-2.jpg\"><img loading=\"lazy\" decoding=\"async\" class=\"alignnone wp-image-1001\" src=\"http:\/\/www.sklhotka.cz\/wp-content\/uploads\/sportovni-hala-lhotka-ostrava-2-1024x683.jpg\" alt=\"sportovni-hala-lhotka-ostrava-2\" width=\"600\" height=\"400\" \/><\/a><\/p>\n<p style=\"text-align: justify;\">Samotn\u00e9 sdru\u017een\u00ed funguje neofici\u00e1ln\u011b od roku 2010, kdy se dne 8. 10. 2010 uskute\u010dnil prvn\u00ed tr\u00e9nink na fotbalov\u00e9m h\u0159i\u0161ti ve Lhotce za \u00fa\u010dasti sou\u010dasn\u00e9ho starosty Josefa \u0160r\u00e1mka a obecn\u00edho zastupitele Michaela Vi\u0161\u010dora. Ofici\u00e1ln\u011b byl sportovn\u00ed klub SK Ostrava Lhotka p\u0159ijat za \u010dlena tehdej\u0161\u00edho \u010cMFS (dne\u0161n\u00ed FA\u010cR) dne 24. 5. 2011. V t\u00e9m\u017ee roce se tak\u00e9 uskute\u010dnila prvn\u00ed klubov\u00e1 valn\u00e1 hromada, kdy byl ustanoven prvn\u00ed v\u00fdkonn\u00fd v\u00fdbor SK Ostrava Lhotka ve slo\u017een\u00ed: Norbert Klu\u010dka, Ale\u0161 Gavenda, Marcel Karas, Martin Zemek, Vendel\u00edn Gold, Michael Vi\u0161\u010dor a Josef \u0160r\u00e1mek. \u010clenov\u00e9 tohoto sedmi\u010dlenn\u00e9ho v\u00fdkonn\u00e9ho v\u00fdboru jsou rovn\u011b\u017e ofici\u00e1ln\u011b pova\u017eov\u00e1ni za zakladatele SK Ostrava Lhotka.<\/p>\n","protected":false},"excerpt":{"rendered":"<p>Z historie SK Ostrava Lhotka Sportovn\u00ed klub SK Ostrava Lhotka se nach\u00e1z\u00ed ve stejnojmenn\u00e9m m\u011bstsk\u00e9m obvodu statut\u00e1rn\u00edho m\u011bsta Ostravy, kter\u00fd je situov\u00e1n na lev\u00e9m b\u0159ehu \u0159eky Odry mezi obcemi Pet\u0159kovice a Ho\u0161\u0165\u00e1lkovice. Samotn\u00e9 sdru\u017een\u00ed funguje neofici\u00e1ln\u011b od roku 2010, kdy &#8230; <a class=\"more-link\" href=\"https:\/\/www.skostravalhotka.cz\/domains\/skostravalhotka.cz\/zkusebni-stranka-2\/\">Read More &raquo;<\/a><\/p>\n","protected":false},"author":1,"featured_media":0,"parent":0,"menu_order":0,"comment_status":"closed","ping_status":"closed","template":"","meta":{"footnotes":""},"class_list":["post-255","page","type-page","status-publish","hentry"],"_links":{"self":[{"href":"https:\/\/www.skostravalhotka.cz\/domains\/skostravalhotka.cz\/wp-json\/wp\/v2\/pages\/255","targetHints":{"allow":["GET"]}}],"collection":[{"href":"https:\/\/www.skostravalhotka.cz\/domains\/skostravalhotka.cz\/wp-json\/wp\/v2\/pages"}],"about":[{"href":"https:\/\/www.skostravalhotka.cz\/domains\/skostravalhotka.cz\/wp-json\/wp\/v2\/types\/page"}],"author":[{"embeddable":true,"href":"https:\/\/www.skostravalhotka.cz\/domains\/skostravalhotka.cz\/wp-json\/wp\/v2\/users\/1"}],"replies":[{"embeddable":true,"href":"https:\/\/www.skostravalhotka.cz\/domains\/skostravalhotka.cz\/wp-json\/wp\/v2\/comments?post=255"}],"version-history":[{"count":4,"href":"https:\/\/www.skostravalhotka.cz\/domains\/skostravalhotka.cz\/wp-json\/wp\/v2\/pages\/255\/revisions"}],"predecessor-version":[{"id":2391,"href":"https:\/\/www.skostravalhotka.cz\/domains\/skostravalhotka.cz\/wp-json\/wp\/v2\/pages\/255\/revisions\/2391"}],"wp:attachment":[{"href":"https:\/\/www.skostravalhotka.cz\/domains\/skostravalhotka.cz\/wp-json\/wp\/v2\/media?parent=255"}],"curies":[{"name":"wp","href":"https:\/\/api.w.org\/{rel}","templated":true}]}}