{"id":70,"date":"2014-03-13T07:02:11","date_gmt":"2014-03-13T06:02:11","guid":{"rendered":"http:\/\/vodouch.freecz.eu\/?page_id=70"},"modified":"2020-09-06T23:29:49","modified_gmt":"2020-09-06T21:29:49","slug":"st-zaci","status":"publish","type":"page","link":"https:\/\/www.skostravalhotka.cz\/domains\/skostravalhotka.cz\/fotbal\/st-zaci\/","title":{"rendered":"\u017d\u00e1ci"},"content":{"rendered":"<p>Kategorie\u00a0\u017e\u00e1k\u016f v sez\u00f3n\u011b 2017\/2018 zahrnuje chlapce a d\u00edvky narozen\u00e9 v letech 2003, 2004, 2005 a 2006.<\/p>\n<p><a href=\"http:\/\/www.sklhotka.cz\/wp-content\/uploads\/1311.jpg\"><img loading=\"lazy\" decoding=\"async\" class=\"alignnone wp-image-930 size-large\" src=\"http:\/\/www.sklhotka.cz\/wp-content\/uploads\/1311-1024x768.jpg\" alt=\"131\" width=\"900\" height=\"675\" \/><\/a><\/p>\n<p><strong>Tren\u00e9r:<\/strong><\/p>\n<p>David Lesniak &#8211; tel.: 602 572 974, email: <a href=\"mailto:lesniakdavid@seznam.cz\">lesniakdavid@seznam.cz<\/a><\/p>\n<p><strong>Tr\u00e9ninky:<br \/>\n<\/strong><\/p>\n<p><strong>\u00fater\u00fd \u00a0 \u00a0 \u00a0\u00a016:30 &#8211; 18:00 hod.<\/strong>\u00a0 \u00a0p\u0159\u00edrodn\u00ed tr\u00e1va nebo um\u011blka<\/p>\n<p><strong>\u010dtvrtek \u00a0\u00a0 16:30 &#8211; 18:00 hod.<\/strong>\u00a0\u00a0 p\u0159\u00edrodn\u00ed tr\u00e1va nebo um\u011blka<\/p>\n<p><a href=\"http:\/\/www.sklhotka.cz\/wp-content\/uploads\/P5200173-1.jpg\"><img loading=\"lazy\" decoding=\"async\" class=\"alignleft wp-image-1804 size-large\" src=\"http:\/\/www.sklhotka.cz\/wp-content\/uploads\/P5200173-1-1024x768.jpg\" alt=\"\" width=\"900\" height=\"675\" \/><\/a><\/p>\n<p><a href=\"http:\/\/www.sklhotka.cz\/wp-content\/uploads\/P5200152.jpg\"><img loading=\"lazy\" decoding=\"async\" class=\"alignleft wp-image-1802 size-large\" src=\"http:\/\/www.sklhotka.cz\/wp-content\/uploads\/P5200152-1024x768.jpg\" alt=\"\" width=\"900\" height=\"675\" \/><\/a><\/p>\n","protected":false},"excerpt":{"rendered":"<p>Kategorie\u00a0\u017e\u00e1k\u016f v sez\u00f3n\u011b 2017\/2018 zahrnuje chlapce a d\u00edvky narozen\u00e9 v letech 2003, 2004, 2005 a 2006. Tren\u00e9r: David Lesniak &#8211; tel.: 602 572 974, email: lesniakdavid@seznam.cz Tr\u00e9ninky: \u00fater\u00fd \u00a0 \u00a0 \u00a0\u00a016:30 &#8211; 18:00 hod.\u00a0 \u00a0p\u0159\u00edrodn\u00ed tr\u00e1va nebo um\u011blka \u010dtvrtek \u00a0\u00a0 &#8230; <a class=\"more-link\" href=\"https:\/\/www.skostravalhotka.cz\/domains\/skostravalhotka.cz\/fotbal\/st-zaci\/\">Read More &raquo;<\/a><\/p>\n","protected":false},"author":1,"featured_media":0,"parent":136,"menu_order":0,"comment_status":"closed","ping_status":"closed","template":"","meta":{"footnotes":""},"class_list":["post-70","page","type-page","status-publish","hentry"],"_links":{"self":[{"href":"https:\/\/www.skostravalhotka.cz\/domains\/skostravalhotka.cz\/wp-json\/wp\/v2\/pages\/70","targetHints":{"allow":["GET"]}}],"collection":[{"href":"https:\/\/www.skostravalhotka.cz\/domains\/skostravalhotka.cz\/wp-json\/wp\/v2\/pages"}],"about":[{"href":"https:\/\/www.skostravalhotka.cz\/domains\/skostravalhotka.cz\/wp-json\/wp\/v2\/types\/page"}],"author":[{"embeddable":true,"href":"https:\/\/www.skostravalhotka.cz\/domains\/skostravalhotka.cz\/wp-json\/wp\/v2\/users\/1"}],"replies":[{"embeddable":true,"href":"https:\/\/www.skostravalhotka.cz\/domains\/skostravalhotka.cz\/wp-json\/wp\/v2\/comments?post=70"}],"version-history":[{"count":1,"href":"https:\/\/www.skostravalhotka.cz\/domains\/skostravalhotka.cz\/wp-json\/wp\/v2\/pages\/70\/revisions"}],"predecessor-version":[{"id":2393,"href":"https:\/\/www.skostravalhotka.cz\/domains\/skostravalhotka.cz\/wp-json\/wp\/v2\/pages\/70\/revisions\/2393"}],"up":[{"embeddable":true,"href":"https:\/\/www.skostravalhotka.cz\/domains\/skostravalhotka.cz\/wp-json\/wp\/v2\/pages\/136"}],"wp:attachment":[{"href":"https:\/\/www.skostravalhotka.cz\/domains\/skostravalhotka.cz\/wp-json\/wp\/v2\/media?parent=70"}],"curies":[{"name":"wp","href":"https:\/\/api.w.org\/{rel}","templated":true}]}}