{"id":79,"date":"2014-03-13T07:03:45","date_gmt":"2014-03-13T06:03:45","guid":{"rendered":"http:\/\/vodouch.freecz.eu\/?page_id=79"},"modified":"2021-09-03T20:15:57","modified_gmt":"2021-09-03T18:15:57","slug":"dorost","status":"publish","type":"page","link":"https:\/\/www.skostravalhotka.cz\/domains\/skostravalhotka.cz\/fotbal\/dorost\/","title":{"rendered":"Dorost"},"content":{"rendered":"<p style=\"text-align: justify;\">Dorosteneck\u00e1 kategorie v sez\u00f3n\u011b 2021\/2022 zahrnuje chlapce narozen\u00e9 v letech 2003, 2004, 2005 a 2006.<\/p>\n<p style=\"text-align: justify;\">Po dvou sez\u00f3n\u00e1ch byl dorosteneck\u00fd t\u00fdm op\u011bt obnoven. Prozat\u00edm v\u0161ak nen\u00ed p\u0159ihl\u00e1\u0161en do \u017e\u00e1dn\u00e9 sout\u011b\u017ee.<\/p>\n<p>Prvn\u00ed tr\u00e9nink prob\u011bhne v pond\u011bl\u00ed <strong>6. 9. 2021 od 18:00<\/strong> na fotbalov\u00e9m h\u0159i\u0161ti ve Lhotce.<\/p>\n<p style=\"text-align: justify;\">\n<p style=\"text-align: justify;\"><strong>Tren\u00e9\u0159i:<\/strong><\/p>\n<p>Hlavn\u00ed: Vendel\u00edn Gold &#8211; tel.: 608 241 097, e-mail: vendelin.gold@gmail.com<\/p>\n<p style=\"text-align: justify;\"><strong>Tr\u00e9ninky:<\/strong><\/p>\n<p style=\"text-align: justify;\">pond\u011bl\u00ed\u00a0 \u00a0 \u00a0 18:00 &#8211; 19:30 hod.\u00a0\u00a0 p\u0159\u00edrodn\u00ed tr\u00e1va nebo um\u011blka<\/p>\n<p style=\"text-align: justify;\">\u010dtvrtek\u00a0 \u00a0 \u00a0 \u00a016:00 &#8211; 17:30 hod. \u00a0 p\u0159\u00edrodn\u00ed tr\u00e1va nebo um\u011blka<\/p>\n","protected":false},"excerpt":{"rendered":"<p>Dorosteneck\u00e1 kategorie v sez\u00f3n\u011b 2021\/2022 zahrnuje chlapce narozen\u00e9 v letech 2003, 2004, 2005 a 2006. Po dvou sez\u00f3n\u00e1ch byl dorosteneck\u00fd t\u00fdm op\u011bt obnoven. Prozat\u00edm v\u0161ak nen\u00ed p\u0159ihl\u00e1\u0161en do \u017e\u00e1dn\u00e9 sout\u011b\u017ee. Prvn\u00ed tr\u00e9nink prob\u011bhne v pond\u011bl\u00ed 6. 9. 2021 od 18:00 &#8230; <a class=\"more-link\" href=\"https:\/\/www.skostravalhotka.cz\/domains\/skostravalhotka.cz\/fotbal\/dorost\/\">Read More &raquo;<\/a><\/p>\n","protected":false},"author":1,"featured_media":0,"parent":136,"menu_order":0,"comment_status":"open","ping_status":"closed","template":"","meta":{"footnotes":""},"class_list":["post-79","page","type-page","status-publish","hentry"],"_links":{"self":[{"href":"https:\/\/www.skostravalhotka.cz\/domains\/skostravalhotka.cz\/wp-json\/wp\/v2\/pages\/79","targetHints":{"allow":["GET"]}}],"collection":[{"href":"https:\/\/www.skostravalhotka.cz\/domains\/skostravalhotka.cz\/wp-json\/wp\/v2\/pages"}],"about":[{"href":"https:\/\/www.skostravalhotka.cz\/domains\/skostravalhotka.cz\/wp-json\/wp\/v2\/types\/page"}],"author":[{"embeddable":true,"href":"https:\/\/www.skostravalhotka.cz\/domains\/skostravalhotka.cz\/wp-json\/wp\/v2\/users\/1"}],"replies":[{"embeddable":true,"href":"https:\/\/www.skostravalhotka.cz\/domains\/skostravalhotka.cz\/wp-json\/wp\/v2\/comments?post=79"}],"version-history":[{"count":3,"href":"https:\/\/www.skostravalhotka.cz\/domains\/skostravalhotka.cz\/wp-json\/wp\/v2\/pages\/79\/revisions"}],"predecessor-version":[{"id":2674,"href":"https:\/\/www.skostravalhotka.cz\/domains\/skostravalhotka.cz\/wp-json\/wp\/v2\/pages\/79\/revisions\/2674"}],"up":[{"embeddable":true,"href":"https:\/\/www.skostravalhotka.cz\/domains\/skostravalhotka.cz\/wp-json\/wp\/v2\/pages\/136"}],"wp:attachment":[{"href":"https:\/\/www.skostravalhotka.cz\/domains\/skostravalhotka.cz\/wp-json\/wp\/v2\/media?parent=79"}],"curies":[{"name":"wp","href":"https:\/\/api.w.org\/{rel}","templated":true}]}}