{"id":899,"date":"2016-07-09T20:01:59","date_gmt":"2016-07-09T18:01:59","guid":{"rendered":"http:\/\/www.sklhotka.cz\/?page_id=899"},"modified":"2020-09-06T23:29:35","modified_gmt":"2020-09-06T21:29:35","slug":"muzi","status":"publish","type":"page","link":"https:\/\/www.skostravalhotka.cz\/domains\/skostravalhotka.cz\/fotbal\/muzi\/","title":{"rendered":"Mu\u017ei"},"content":{"rendered":"<p>Nov\u011b od sez\u00f3ny 2016\/2017\u00a0reprezentuje SK Ostrava Lhotka v sout\u011b\u017ei po\u0159\u00e1danou pod hlavi\u010dkou M\u011bFS Ostrava kategorie mu\u017e\u016f.<\/p>\n<p><a href=\"http:\/\/www.sklhotka.cz\/wp-content\/uploads\/Mu\u017ei.jpg\"><img loading=\"lazy\" decoding=\"async\" class=\"alignleft wp-image-1794 size-full\" src=\"http:\/\/www.sklhotka.cz\/wp-content\/uploads\/Mu\u017ei.jpg\" alt=\"\" width=\"960\" height=\"638\" \/><\/a><\/p>\n<p><strong>Vedouc\u00ed mu\u017estva:<\/strong> Patrik Glumb\u00edk &#8211; tel.: 725 725 025<\/p>\n<p>&nbsp;<\/p>\n<p><strong>Tr\u00e9ninky:<\/strong><\/p>\n<p>\u00fater\u00fd\u00a0\u00a0 \u00a0\u00a0\u00a0\u00a0 18:00 &#8211; 19:30 hod. \u00a0 \u00a0 p\u0159\u00edrodn\u00ed tr\u00e1va nebo um\u011blka<\/p>\n<p>\u010dtvrtek\u00a0 \u00a0 \u00a0 18:00 &#8211; 19:30 hod. \u00a0 \u00a0 p\u0159\u00edrodn\u00ed tr\u00e1va nebo um\u011blka<\/p>\n<p>&nbsp;<\/p>\n<p><strong>Utk\u00e1n\u00ed podzimn\u00ed \u010d\u00e1sti sez\u00f3ny 2019\/2020:<\/strong><\/p>\n<p>NE\u00a0\u00a0\u00a0\u00a0\u00a018. 8.\u00a0\u00a0\u00a0\u00a0\u00a017:00\u00a0\u00a0\u00a0\u00a0\u00a0TJ Slovan Ostrava \u201eB\u201c \u2013 <strong>SK Ostrava Lhotka\u00a0\u00a0\u00a0\u00a0\u00a0\u00a0\u00a0\u00a0\u00a0 \u00a01:3<\/strong><\/p>\n<p>NE\u00a0\u00a0\u00a0\u00a0\u00a025. 8.\u00a0\u00a0\u00a0\u00a0\u00a017:00\u00a0\u00a0\u00a0\u00a0\u00a0<strong>SK Ostrava Lhotka <\/strong>\u2013 SK Slavie T\u0159ebovice\u00a0\u00a0\u00a0\u00a0\u00a0\u00a0\u00a0\u00a0\u00a0\u00a0\u00a0\u00a0\u00a0\u00a0<strong>2:4<\/strong><\/p>\n<p>SO\u00a0\u00a0\u00a0\u00a0\u00a031. 8.\u00a0\u00a0\u00a0\u00a0\u00a016:30\u00a0\u00a0\u00a0\u00a0\u00a0Jiskra Hru\u0161ov \u2013 <strong>SK Ostrava Lhotka\u00a0\u00a0\u00a0\u00a0\u00a0\u00a0\u00a0\u00a0\u00a0\u00a0\u00a0\u00a0\u00a0\u00a0\u00a0\u00a0\u00a0\u00a0\u00a0\u00a0\u00a0\u00a0\u00a0\u00a0\u00a02:1<\/strong><\/p>\n<p>NE\u00a0\u00a0\u00a0 \u00a0\u00a0 8. 9.\u00a0\u00a0\u00a0\u00a0\u00a016:00\u00a0\u00a0\u00a0\u00a0\u00a0 <strong>SK Ostrava Lhotka<\/strong> \u2013 SK Markvartovice\u00a0\u00a0\u00a0\u00a0\u00a0\u00a0\u00a0\u00a0\u00a0\u00a0\u00a0\u00a0\u00a0\u00a0\u00a0\u00a0\u00a0 <strong>2:1<\/strong><\/p>\n<p>SO\u00a0\u00a0\u00a0\u00a0\u00a014. 9.\u00a0\u00a0\u00a0\u00a0\u00a016:00\u00a0\u00a0\u00a0\u00a0\u00a0 FC Slavia Mich\u00e1lkovice \u2013 <strong>SK Ostrava Lhotka \u00a0 \u00a0 \u00a0 \u00a0 2:2 (PK: 5:4)<\/strong><\/p>\n<p>NE\u00a0\u00a0\u00a0\u00a0\u00a022. 9.\u00a0\u00a0\u00a0\u00a0\u00a016:00\u00a0\u00a0\u00a0\u00a0\u00a0 <strong>SK Ostrava Lhotka<\/strong> \u2013 TJ Velk\u00e1 Polom\u00a0\u00a0\u00a0\u00a0\u00a0\u00a0\u00a0\u00a0\u00a0\u00a0\u00a0\u00a0\u00a0\u00a0\u00a0\u00a0\u00a0\u00a0\u00a0\u00a0 <strong>1:3<\/strong><\/p>\n<p>NE\u00a0\u00a0\u00a0\u00a0\u00a029. 9.\u00a0\u00a0\u00a0\u00a0 15:30\u00a0\u00a0\u00a0\u00a0\u00a0 TJ Unie Hlubina \u201eB\u201c \u2013 <strong>SK Ostrava Lhotka<\/strong>\u00a0\u00a0\u00a0\u00a0\u00a0\u00a0\u00a0\u00a0\u00a0\u00a0\u00a0\u00a0\u00a0<strong>10:2<\/strong><\/p>\n<p>NE\u00a0\u00a0\u00a0\u00a0\u00a06. 10.\u00a0\u00a0\u00a0\u00a0 15:00\u00a0\u00a0\u00a0\u00a0\u00a0\u00a0<strong>SK Ostrava Lhotka<\/strong> \u2013 FC V\u0159esina \u201eB\u201c \u00a0 \u00a0 \u00a0 \u00a0 \u00a0 \u00a0 \u00a0 \u00a0 \u00a0 \u00a0 \u00a0 <strong>3:3 (PK: 5:6)<\/strong><\/p>\n<p>SO\u00a0\u00a0\u00a0\u00a0\u00a012. 10.\u00a0\u00a0 15:00\u00a0\u00a0\u00a0\u00a0\u00a0\u00a0TJ V\u00e1clavovice \u2013 <strong>SK Ostrava Lhotka \u00a0 \u00a0 \u00a0 \u00a0 \u00a0 \u00a0 \u00a0 \u00a0 \u00a0 \u00a0\u00a0 3:0<\/strong><\/p>\n<p>NE\u00a0\u00a0\u00a0\u00a0\u00a020. 10.\u00a0\u00a0 14:00\u00a0\u00a0\u00a0 \u00a0\u00a0<strong>SK Ostrava Lhotka<\/strong> \u2013 FC Vratimov \u201eB\u201c<strong> \u00a0 \u00a0 \u00a0 \u00a0 \u00a0 \u00a0 \u00a0 \u00a0 \u00a0 \u00a0 1:2<\/strong><\/p>\n<p>SO\u00a0\u00a0\u00a0\u00a0\u00a026. 10.\u00a0\u00a0 14:00\u00a0\u00a0\u00a0\u00a0\u00a0\u00a0FK SK Polanka \u201eB\u201c \u2013 <strong>SK Ostrava Lhotka\u00a0 \u00a0 \u00a0 \u00a0 \u00a0 \u00a0 \u00a0 \u00a0 3:2<\/strong><\/p>\n<p>NE\u00a0\u00a0\u00a0\u00a0\u00a03. 11.\u00a0\u00a0\u00a0\u00a0 14:00\u00a0\u00a0\u00a0\u00a0\u00a0\u00a0<strong>SK Ostrava Lhotka<\/strong> \u2013 TJ Sokol Doln\u00ed Lhota<strong>\u00a0 \u00a0 \u00a0 \u00a0 \u00a0 \u00a0 \u00a0 0:9<\/strong><\/p>\n<p>SO\u00a0\u00a0\u00a0\u00a0\u00a09. 11.\u00a0\u00a0\u00a0\u00a0\u00a013:30\u00a0\u00a0\u00a0\u00a0\u00a0\u00a0TJ Sokol Koblov \u2013 <strong>SK Ostrava Lhotka\u00a0\u00a0\u00a0\u00a0\u00a0\u00a0\u00a0\u00a0\u00a0\u00a0\u00a0\u00a0\u00a0\u00a0\u00a0\u00a0\u00a0\u00a0\u00a0\u00a0 0:0 (PK 7:6)<\/strong><\/p>\n","protected":false},"excerpt":{"rendered":"<p>Nov\u011b od sez\u00f3ny 2016\/2017\u00a0reprezentuje SK Ostrava Lhotka v sout\u011b\u017ei po\u0159\u00e1danou pod hlavi\u010dkou M\u011bFS Ostrava kategorie mu\u017e\u016f. Vedouc\u00ed mu\u017estva: Patrik Glumb\u00edk &#8211; tel.: 725 725 025 &nbsp; Tr\u00e9ninky: \u00fater\u00fd\u00a0\u00a0 \u00a0\u00a0\u00a0\u00a0 18:00 &#8211; 19:30 hod. \u00a0 \u00a0 p\u0159\u00edrodn\u00ed tr\u00e1va nebo um\u011blka \u010dtvrtek\u00a0 &#8230; <a class=\"more-link\" href=\"https:\/\/www.skostravalhotka.cz\/domains\/skostravalhotka.cz\/fotbal\/muzi\/\">Read More &raquo;<\/a><\/p>\n","protected":false},"author":3,"featured_media":0,"parent":136,"menu_order":0,"comment_status":"closed","ping_status":"closed","template":"","meta":{"footnotes":""},"class_list":["post-899","page","type-page","status-publish","hentry"],"_links":{"self":[{"href":"https:\/\/www.skostravalhotka.cz\/domains\/skostravalhotka.cz\/wp-json\/wp\/v2\/pages\/899","targetHints":{"allow":["GET"]}}],"collection":[{"href":"https:\/\/www.skostravalhotka.cz\/domains\/skostravalhotka.cz\/wp-json\/wp\/v2\/pages"}],"about":[{"href":"https:\/\/www.skostravalhotka.cz\/domains\/skostravalhotka.cz\/wp-json\/wp\/v2\/types\/page"}],"author":[{"embeddable":true,"href":"https:\/\/www.skostravalhotka.cz\/domains\/skostravalhotka.cz\/wp-json\/wp\/v2\/users\/3"}],"replies":[{"embeddable":true,"href":"https:\/\/www.skostravalhotka.cz\/domains\/skostravalhotka.cz\/wp-json\/wp\/v2\/comments?post=899"}],"version-history":[{"count":2,"href":"https:\/\/www.skostravalhotka.cz\/domains\/skostravalhotka.cz\/wp-json\/wp\/v2\/pages\/899\/revisions"}],"predecessor-version":[{"id":2541,"href":"https:\/\/www.skostravalhotka.cz\/domains\/skostravalhotka.cz\/wp-json\/wp\/v2\/pages\/899\/revisions\/2541"}],"up":[{"embeddable":true,"href":"https:\/\/www.skostravalhotka.cz\/domains\/skostravalhotka.cz\/wp-json\/wp\/v2\/pages\/136"}],"wp:attachment":[{"href":"https:\/\/www.skostravalhotka.cz\/domains\/skostravalhotka.cz\/wp-json\/wp\/v2\/media?parent=899"}],"curies":[{"name":"wp","href":"https:\/\/api.w.org\/{rel}","templated":true}]}}